{"id":766,"date":"2024-11-25T08:17:35","date_gmt":"2024-11-25T08:17:35","guid":{"rendered":"https:\/\/residenciasantdaniel.es\/inicio\/"},"modified":"2024-12-10T16:42:39","modified_gmt":"2024-12-10T16:42:39","slug":"inicio","status":"publish","type":"page","link":"https:\/\/residenciasantdaniel.es\/es\/","title":{"rendered":"INICIO"},"content":{"rendered":"<p>[et_pb_section fb_built=\u00bb1&#8243; fullwidth=\u00bbon\u00bb disabled_on=\u00bboff|off|off\u00bb _builder_version=\u00bb4.27.2&#8243; _module_preset=\u00bbdefault\u00bb global_colors_info=\u00bb{}\u00bb][et_pb_fullwidth_image src=\u00bbhttp:\/\/residenciasantdaniel.es\/wp-content\/uploads\/2024\/11\/residencia-sant-daniel-barcelona-slider-1.jpg\u00bb _builder_version=\u00bb4.27.3&#8243; _module_preset=\u00bbdefault\u00bb global_colors_info=\u00bb{}\u00bb][\/et_pb_fullwidth_image][\/et_pb_section][et_pb_section fb_built=\u00bb1&#8243; custom_padding_last_edited=\u00bbon|phone\u00bb _builder_version=\u00bb4.27.2&#8243; _module_preset=\u00bbdefault\u00bb background_enable_color=\u00bboff\u00bb custom_padding_tablet=\u00bb20px||||false|false\u00bb custom_padding_phone=\u00bb20px||||false|false\u00bb global_colors_info=\u00bb{}\u00bb][et_pb_row _builder_version=\u00bb4.27.2&#8243; _module_preset=\u00bbdefault\u00bb global_colors_info=\u00bb{}\u00bb][et_pb_column type=\u00bb4_4&#8243; _builder_version=\u00bb4.27.2&#8243; _module_preset=\u00bbdefault\u00bb global_colors_info=\u00bb{}\u00bb][et_pb_heading title=\u00bbUn espacio de cuidado y calidad de vida para la gente mayor en Barcelona\u00bb _builder_version=\u00bb4.27.3&#8243; _module_preset=\u00bbdefault\u00bb title_font=\u00bb||||||||\u00bb title_text_align=\u00bbcenter\u00bb title_text_color=\u00bbgcid-eb41d894-18cb-47e0-8bb3-8506af4c5e15&#8243; title_font_size=\u00bb32px\u00bb title_letter_spacing=\u00bb2px\u00bb title_line_height=\u00bb1.5em\u00bb custom_margin=\u00bb||14px|||\u00bb title_font_size_tablet=\u00bb26px\u00bb title_font_size_phone=\u00bb23px\u00bb title_font_size_last_edited=\u00bbon|tablet\u00bb title_line_height_tablet=\u00bb1.4em\u00bb title_line_height_phone=\u00bb1.4em\u00bb title_line_height_last_edited=\u00bbon|phone\u00bb global_colors_info=\u00bb{%22gcid-eb41d894-18cb-47e0-8bb3-8506af4c5e15%22:%91%22title_text_color%22,%22title_text_color%22,%22title_text_color%22,%22title_text_color%22,%22title_text_color%22,%22title_text_color%22,%22title_text_color%22%93}\u00bb][\/et_pb_heading][et_pb_text _builder_version=\u00bb4.27.4&#8243; _module_preset=\u00bbdefault\u00bb text_orientation=\u00bbcenter\u00bb text_orientation_tablet=\u00bbjustified\u00bb text_orientation_phone=\u00bbjustified\u00bb text_orientation_last_edited=\u00bboff|desktop\u00bb global_colors_info=\u00bb{}\u00bb]<\/p>\n<p>La Residencia Sant Daniel lleva varias d\u00e9cadas configur\u00e1ndose como uno de los hogares para personas mayores de referencia en Barcelona por su calidad, profesionalidad y humanidad. Nuestra filosof\u00eda es cuidar tanto a los residentes como a sus familiares, para convertirnos en un apoyo efectivo y cercano para todos. Creemos que la profesionalidad, la emotividad y la proximidad son fundamentales para conseguir la mejor atenci\u00f3n integral de nuestros residentes.<\/p>\n<p>Un equipo asistencial sanitario de m\u00e1s de 30 profesionales dirigidos por una doctora experta en el campo de la geriatr\u00eda, aseguran a diario el mejor cuidado de los residentes. Nuestro objetivo es que los residentes se sientan como en casa, disfrutando el d\u00eda a d\u00eda con ilusi\u00f3n y mejor calidad de vida posible para asegurar que llegan al final de la vida teniendo todas las necesidades sanitarias y emocionales cubiertas.<\/p>\n<p>[\/et_pb_text][et_pb_image src=\u00bbhttp:\/\/residenciasantdaniel.es\/wp-content\/uploads\/2024\/11\/residencia-sant-daniel-barcelona-inici-4.jpg\u00bb align=\u00bbcenter\u00bb _builder_version=\u00bb4.27.4&#8243; _module_preset=\u00bbdefault\u00bb width=\u00bb60%\u00bb width_tablet=\u00bb100%\u00bb width_phone=\u00bb100%\u00bb width_last_edited=\u00bbon|phone\u00bb border_width_all=\u00bb6px\u00bb border_color_all=\u00bb#efefef\u00bb global_colors_info=\u00bb{}\u00bb][\/et_pb_image][et_pb_button button_url=\u00bbhttps:\/\/residenciasantdaniel.es\/es\/contacto\u00bb button_text=\u00bbConoce nuestros servicios\u00bb button_alignment=\u00bbcenter\u00bb button_alignment_tablet=\u00bbcenter\u00bb button_alignment_phone=\u00bbcenter\u00bb button_alignment_last_edited=\u00bboff|desktop\u00bb disabled_on=\u00bbon|on|on\u00bb _builder_version=\u00bb4.27.3&#8243; _module_preset=\u00bbdefault\u00bb button_on_hover=\u00bboff\u00bb disabled=\u00bbon\u00bb locked=\u00bboff\u00bb global_colors_info=\u00bb{%22gcid-primary-color%22:%91%22button_bg_color%22%93,%22gcid-secondary-color%22:%91%22button_bg_color__hover%22%93}\u00bb button_bg_color__hover_enabled=\u00bbon|hover\u00bb button_bg_color__hover=\u00bb#ac2449&#8243; button_bg_enable_color__hover=\u00bbon\u00bb][\/et_pb_button][\/et_pb_column][\/et_pb_row][\/et_pb_section][et_pb_section fb_built=\u00bb1&#8243; disabled_on=\u00bboff|off|off\u00bb _builder_version=\u00bb4.27.3&#8243; _module_preset=\u00bbdefault\u00bb background_enable_color=\u00bboff\u00bb global_colors_info=\u00bb{}\u00bb][et_pb_row column_structure=\u00bb1_4,1_4,1_4,1_4&#8243; _builder_version=\u00bb4.27.2&#8243; _module_preset=\u00bbdefault\u00bb global_colors_info=\u00bb{}\u00bb][et_pb_column type=\u00bb1_4&#8243; _builder_version=\u00bb4.27.2&#8243; _module_preset=\u00bbdefault\u00bb background_enable_color=\u00bboff\u00bb custom_padding=\u00bb||||false|false\u00bb global_colors_info=\u00bb{}\u00bb][et_pb_heading title=\u00bbAtenci\u00f3n y bienestar para personas mayores en Barcelona\u00bb _builder_version=\u00bb4.27.3&#8243; _module_preset=\u00bbdefault\u00bb title_level=\u00bbh3&#8243; title_font=\u00bb||||||||\u00bb title_text_color=\u00bbgcid-eb41d894-18cb-47e0-8bb3-8506af4c5e15&#8243; title_font_size=\u00bb26px\u00bb title_letter_spacing=\u00bb2px\u00bb title_line_height=\u00bb1.5em\u00bb custom_margin=\u00bb||14px|||\u00bb title_text_align_tablet=\u00bbleft\u00bb title_text_align_phone=\u00bbcenter\u00bb title_text_align_last_edited=\u00bbon|desktop\u00bb title_font_size_tablet=\u00bb24px\u00bb title_font_size_phone=\u00bb21px\u00bb title_font_size_last_edited=\u00bbon|phone\u00bb global_colors_info=\u00bb{%22gcid-eb41d894-18cb-47e0-8bb3-8506af4c5e15%22:%91%22title_text_color%22,%22title_text_color%22,%22title_text_color%22,%22title_text_color%22%93}\u00bb][\/et_pb_heading][et_pb_text _builder_version=\u00bb4.27.2&#8243; _module_preset=\u00bbdefault\u00bb text_orientation_tablet=\u00bbjustified\u00bb text_orientation_phone=\u00bbjustified\u00bb text_orientation_last_edited=\u00bbon|phone\u00bb global_colors_info=\u00bb{}\u00bb]<\/p>\n<p>En la residencia, nuestra prioridad es ofrecer una atenci\u00f3n integral, cercana y de calidad a las personas mayores. Contamos con un equipo de profesionales altamente formados que trabajan d\u00eda a d\u00eda para garantizar el bienestar f\u00edsico, emocional y social de nuestros residentes. Nuestro enfoque se basa en una atenci\u00f3n personalizada, dise\u00f1ada para satisfacer las necesidades individuales de cada persona, siempre con respeto y humanidad.<\/p>\n<p>[\/et_pb_text][\/et_pb_column][et_pb_column type=\u00bb1_4&#8243; _builder_version=\u00bb4.27.2&#8243; _module_preset=\u00bbdefault\u00bb background_color=\u00bb#FFFFFF\u00bb custom_padding=\u00bb0px||0px||false|false\u00bb border_color_all=\u00bb#efefef\u00bb border_color_right=\u00bbgcid-primary-color\u00bb border_color_left=\u00bbgcid-primary-color\u00bb global_colors_info=\u00bb{%22gcid-primary-color%22:%91%22border_color_right%22,%22border_color_left%22%93}\u00bb][et_pb_image src=\u00bbhttp:\/\/residenciasantdaniel.es\/wp-content\/uploads\/2024\/11\/serveis-residencia.jpg\u00bb alt=\u00bbServicios Residencia Sant Daniel en Barcelona\u00bb title_text=\u00bbServicios Residencia Sant Daniel en Barcelona\u00bb _builder_version=\u00bb4.27.3&#8243; _module_preset=\u00bbdefault\u00bb custom_margin=\u00bb||17px|||\u00bb border_width_all=\u00bb6px\u00bb border_color_all=\u00bb#efefef\u00bb global_colors_info=\u00bb{}\u00bb][\/et_pb_image][et_pb_heading title=\u00bbConoce nuestros servicios\u00bb _builder_version=\u00bb4.27.3&#8243; _module_preset=\u00bbdefault\u00bb title_level=\u00bbh4&#8243; title_font=\u00bbOpen Sans|600|||||||\u00bb title_text_align=\u00bbcenter\u00bb title_font_size=\u00bb18px\u00bb title_line_height=\u00bb1.3em\u00bb custom_margin=\u00bb||6px||false|false\u00bb custom_padding=\u00bb|8px||8px|false|true\u00bb global_colors_info=\u00bb{%22gcid-eb41d894-18cb-47e0-8bb3-8506af4c5e15%22:%91%22title_text_color%22%93}\u00bb][\/et_pb_heading][et_pb_text _builder_version=\u00bb4.27.2&#8243; _module_preset=\u00bbdefault\u00bb text_font_size=\u00bb15px\u00bb text_line_height=\u00bb1.3em\u00bb text_orientation=\u00bbcenter\u00bb custom_margin=\u00bb||22px|||\u00bb custom_padding=\u00bb|10px||10px|false|true\u00bb global_colors_info=\u00bb{}\u00bb]<\/p>\n<p>Ofrecemos atenci\u00f3n personalizada con un equipo calificado para asegurar el bienestar y la calidad de vida de nuestros residentes.<\/p>\n<p>[\/et_pb_text][et_pb_button button_url=\u00bbhttps:\/\/residenciasantdaniel.es\/es\/servicios-residencia\u00bb button_text=\u00bbConocer\u00bb button_alignment=\u00bbcenter\u00bb _builder_version=\u00bb4.27.3&#8243; _module_preset=\u00bbdefault\u00bb custom_button=\u00bbon\u00bb button_text_size=\u00bb17px\u00bb button_bg_color=\u00bbgcid-primary-color\u00bb button_icon=\u00bb&#x24;||divi||400&#8243; button_on_hover=\u00bboff\u00bb custom_margin=\u00bb||||false|false\u00bb custom_padding=\u00bb|40px||40px|false|true\u00bb global_colors_info=\u00bb{%22gcid-primary-color%22:%91%22button_bg_color%22%93,%22gcid-secondary-color%22:%91%22button_bg_color__hover%22%93}\u00bb button_bg_color__hover_enabled=\u00bbon|hover\u00bb button_bg_color__hover=\u00bb#ac2449&#8243; button_bg_enable_color__hover=\u00bbon\u00bb][\/et_pb_button][\/et_pb_column][et_pb_column type=\u00bb1_4&#8243; _builder_version=\u00bb4.27.2&#8243; _module_preset=\u00bbdefault\u00bb background_color=\u00bb#FFFFFF\u00bb custom_padding=\u00bb0px||0px||false|false\u00bb border_color_all=\u00bb#efefef\u00bb border_color_right=\u00bbgcid-primary-color\u00bb border_color_left=\u00bbgcid-primary-color\u00bb global_colors_info=\u00bb{%22gcid-primary-color%22:%91%22border_color_right%22,%22border_color_left%22,%22border_color_right%22,%22border_color_left%22%93}\u00bb][et_pb_image src=\u00bbhttp:\/\/residenciasantdaniel.es\/wp-content\/uploads\/2024\/11\/activitats-residencia.jpg\u00bb alt=\u00bbActividades Residencia Sant Daniel en Barcelona\u00bb title_text=\u00bbActividades Residencia Sant Daniel en Barcelona\u00bb _builder_version=\u00bb4.27.3&#8243; _module_preset=\u00bbdefault\u00bb custom_margin=\u00bb||17px|||\u00bb border_width_all=\u00bb6px\u00bb border_color_all=\u00bb#efefef\u00bb global_colors_info=\u00bb{}\u00bb][\/et_pb_image][et_pb_heading title=\u00bbDescubre nuestras actividades\u00bb _builder_version=\u00bb4.27.3&#8243; _module_preset=\u00bbdefault\u00bb title_level=\u00bbh4&#8243; title_font=\u00bbOpen Sans|600|||||||\u00bb title_text_align=\u00bbcenter\u00bb title_font_size=\u00bb18px\u00bb title_line_height=\u00bb1.3em\u00bb custom_margin=\u00bb||6px||false|false\u00bb custom_padding=\u00bb|8px||8px|false|true\u00bb global_colors_info=\u00bb{%22gcid-eb41d894-18cb-47e0-8bb3-8506af4c5e15%22:%91%22title_text_color%22,%22title_text_color%22,%22title_text_color%22%93}\u00bb][\/et_pb_heading][et_pb_text _builder_version=\u00bb4.27.2&#8243; _module_preset=\u00bbdefault\u00bb text_font_size=\u00bb15px\u00bb text_line_height=\u00bb1.3em\u00bb text_orientation=\u00bbcenter\u00bb custom_margin=\u00bb||22px|||\u00bb custom_padding=\u00bb|10px||10px|false|true\u00bb global_colors_info=\u00bb{}\u00bb]<\/p>\n<p>Programas de actividades adaptadas a cada persona para fomentar la socializaci\u00f3n, la creatividad, el aprendizaje y la ilusi\u00f3n en el d\u00eda a d\u00eda.<\/p>\n<p>[\/et_pb_text][et_pb_button button_url=\u00bbhttps:\/\/residenciasantdaniel.es\/es\/actividades-residencia\u00bb button_text=\u00bbDescubrir\u00bb button_alignment=\u00bbcenter\u00bb _builder_version=\u00bb4.27.2&#8243; _module_preset=\u00bbdefault\u00bb custom_button=\u00bbon\u00bb button_text_size=\u00bb17px\u00bb button_bg_color=\u00bbgcid-primary-color\u00bb button_icon=\u00bb&#x24;||divi||400&#8243; button_on_hover=\u00bboff\u00bb custom_margin=\u00bb||||false|false\u00bb custom_padding=\u00bb|40px||40px|false|true\u00bb global_colors_info=\u00bb{%22gcid-primary-color%22:%91%22button_bg_color%22,%22button_bg_color%22,%22button_bg_color%22%93,%22gcid-secondary-color%22:%91%22button_bg_color__hover%22,%22button_bg_color__hover%22,%22button_bg_color__hover%22,%22button_bg_color__hover%22%93}\u00bb button_bg_color__hover=\u00bb#ac2449&#8243; button_bg_color__hover_enabled=\u00bbon|hover\u00bb][\/et_pb_button][\/et_pb_column][et_pb_column type=\u00bb1_4&#8243; _builder_version=\u00bb4.27.2&#8243; _module_preset=\u00bbdefault\u00bb background_color=\u00bb#FFFFFF\u00bb custom_padding=\u00bb0px||0px||false|false\u00bb border_color_all=\u00bb#efefef\u00bb border_color_right=\u00bbgcid-primary-color\u00bb border_color_left=\u00bbgcid-primary-color\u00bb global_colors_info=\u00bb{%22gcid-primary-color%22:%91%22border_color_right%22,%22border_color_left%22,%22border_color_right%22,%22border_color_left%22%93}\u00bb][et_pb_image src=\u00bbhttp:\/\/residenciasantdaniel.es\/wp-content\/uploads\/2024\/11\/instalacions-residencia.jpg\u00bb alt=\u00bbInstalaciones Residencia San Daniel\u00bb title_text=\u00bbInstalaciones Residencia San Daniel\u00bb _builder_version=\u00bb4.27.3&#8243; _module_preset=\u00bbdefault\u00bb custom_margin=\u00bb||17px|||\u00bb border_width_all=\u00bb6px\u00bb border_color_all=\u00bb#efefef\u00bb global_colors_info=\u00bb{}\u00bb][\/et_pb_image][et_pb_heading title=\u00bbVisita nuestras instalaciones\u00bb _builder_version=\u00bb4.27.2&#8243; _module_preset=\u00bbdefault\u00bb title_level=\u00bbh4&#8243; title_font=\u00bbOpen Sans|600|||||||\u00bb title_text_align=\u00bbcenter\u00bb title_font_size=\u00bb18px\u00bb title_line_height=\u00bb1.3em\u00bb custom_margin=\u00bb||6px||false|false\u00bb custom_padding=\u00bb|8px||8px|false|true\u00bb global_colors_info=\u00bb{%22gcid-eb41d894-18cb-47e0-8bb3-8506af4c5e15%22:%91%22title_text_color%22,%22title_text_color%22%93}\u00bb][\/et_pb_heading][et_pb_text _builder_version=\u00bb4.27.2&#8243; _module_preset=\u00bbdefault\u00bb text_font_size=\u00bb15px\u00bb text_line_height=\u00bb1.3em\u00bb text_orientation=\u00bbcenter\u00bb custom_margin=\u00bb||22px|||\u00bb custom_padding=\u00bb|10px||10px|false|true\u00bb global_colors_info=\u00bb{}\u00bb]<\/p>\n<p>Espacios acogedores dise\u00f1ados para ofrecerle una estancia confortable y segura, donde cada detalle est\u00e1 pensado para sentirse como en casa.<\/p>\n<p>[\/et_pb_text][et_pb_button button_url=\u00bbhttps:\/\/residenciasantdaniel.es\/es\/instalaciones-residencia\u00bb button_text=\u00bbVisitar\u00bb button_alignment=\u00bbcenter\u00bb _builder_version=\u00bb4.27.3&#8243; _module_preset=\u00bbdefault\u00bb custom_button=\u00bbon\u00bb button_text_size=\u00bb17px\u00bb button_bg_color=\u00bbgcid-primary-color\u00bb button_icon=\u00bb&#x24;||divi||400&#8243; button_on_hover=\u00bboff\u00bb custom_margin=\u00bb||||false|false\u00bb custom_padding=\u00bb|40px||40px|false|true\u00bb global_colors_info=\u00bb{%22gcid-primary-color%22:%91%22button_bg_color%22,%22button_bg_color%22,%22button_bg_color%22%93,%22gcid-secondary-color%22:%91%22button_bg_color__hover%22,%22button_bg_color__hover%22,%22button_bg_color__hover%22,%22button_bg_color__hover%22,%22button_bg_color__hover%22%93}\u00bb button_bg_color__hover=\u00bb#ac2449&#8243; button_bg_color__hover_enabled=\u00bbon|hover\u00bb][\/et_pb_button][\/et_pb_column][\/et_pb_row][\/et_pb_section]<\/p>\n","protected":false},"excerpt":{"rendered":"<p>La Residencia Sant Daniel lleva varias d\u00e9cadas configur\u00e1ndose como uno de los hogares para personas mayores de referencia en Barcelona por su calidad, profesionalidad y humanidad. Nuestra filosof\u00eda es cuidar tanto a los residentes como a sus familiares, para convertirnos en un apoyo efectivo y cercano para todos. Creemos que la profesionalidad, la emotividad y [&hellip;]<\/p>\n","protected":false},"author":1,"featured_media":0,"parent":0,"menu_order":0,"comment_status":"closed","ping_status":"closed","template":"","meta":{"_et_pb_use_builder":"on","_et_pb_old_content":"","_et_gb_content_width":"","footnotes":""},"class_list":["post-766","page","type-page","status-publish","hentry"],"yoast_head":"<!-- This site is optimized with the Yoast SEO plugin v25.6 - https:\/\/yoast.com\/wordpress\/plugins\/seo\/ -->\n<title>Residencia personas mayores Barcelona | Residencia Sant Daniel<\/title>\n<meta name=\"description\" content=\"La Residencia Sant Daniel es uno de los hogares para personas mayores de referencia en Barcelona por su calidad, profesionalidad y humanidad.\" \/>\n<meta name=\"robots\" content=\"index, follow, max-snippet:-1, max-image-preview:large, max-video-preview:-1\" \/>\n<link rel=\"canonical\" href=\"https:\/\/residenciasantdaniel.es\/es\/\" \/>\n<meta property=\"og:locale\" content=\"es_ES\" \/>\n<meta property=\"og:type\" content=\"article\" \/>\n<meta property=\"og:title\" content=\"Residencia personas mayores Barcelona | Residencia Sant Daniel\" \/>\n<meta property=\"og:description\" content=\"La Residencia Sant Daniel es uno de los hogares para personas mayores de referencia en Barcelona por su calidad, profesionalidad y humanidad.\" \/>\n<meta property=\"og:url\" content=\"https:\/\/residenciasantdaniel.es\/es\/\" \/>\n<meta property=\"og:site_name\" content=\"Resid\u00e8ncia Sant Daniel\" \/>\n<meta property=\"article:modified_time\" content=\"2024-12-10T16:42:39+00:00\" \/>\n<meta name=\"twitter:card\" content=\"summary_large_image\" \/>\n<meta name=\"twitter:label1\" content=\"Tiempo de lectura\" \/>\n\t<meta name=\"twitter:data1\" content=\"9 minutos\" \/>\n<script type=\"application\/ld+json\" class=\"yoast-schema-graph\">{\"@context\":\"https:\/\/schema.org\",\"@graph\":[{\"@type\":\"WebPage\",\"@id\":\"https:\/\/residenciasantdaniel.es\/es\/\",\"url\":\"https:\/\/residenciasantdaniel.es\/es\/\",\"name\":\"Residencia personas mayores Barcelona | Residencia Sant Daniel\",\"isPartOf\":{\"@id\":\"https:\/\/residenciasantdaniel.es\/es\/#website\"},\"datePublished\":\"2024-11-25T08:17:35+00:00\",\"dateModified\":\"2024-12-10T16:42:39+00:00\",\"description\":\"La Residencia Sant Daniel es uno de los hogares para personas mayores de referencia en Barcelona por su calidad, profesionalidad y humanidad.\",\"breadcrumb\":{\"@id\":\"https:\/\/residenciasantdaniel.es\/es\/#breadcrumb\"},\"inLanguage\":\"es\",\"potentialAction\":[{\"@type\":\"ReadAction\",\"target\":[\"https:\/\/residenciasantdaniel.es\/es\/\"]}]},{\"@type\":\"BreadcrumbList\",\"@id\":\"https:\/\/residenciasantdaniel.es\/es\/#breadcrumb\",\"itemListElement\":[{\"@type\":\"ListItem\",\"position\":1,\"name\":\"Inici\",\"item\":\"https:\/\/residenciasantdaniel.es\/es\/inicio\/\"},{\"@type\":\"ListItem\",\"position\":2,\"name\":\"INICIO\"}]},{\"@type\":\"WebSite\",\"@id\":\"https:\/\/residenciasantdaniel.es\/es\/#website\",\"url\":\"https:\/\/residenciasantdaniel.es\/es\/\",\"name\":\"Resid\u00e8ncia Sant Daniel\",\"description\":\"Llars per a gent gran a Barcelona\",\"publisher\":{\"@id\":\"https:\/\/residenciasantdaniel.es\/es\/#organization\"},\"potentialAction\":[{\"@type\":\"SearchAction\",\"target\":{\"@type\":\"EntryPoint\",\"urlTemplate\":\"https:\/\/residenciasantdaniel.es\/es\/?s={search_term_string}\"},\"query-input\":{\"@type\":\"PropertyValueSpecification\",\"valueRequired\":true,\"valueName\":\"search_term_string\"}}],\"inLanguage\":\"es\"},{\"@type\":\"Organization\",\"@id\":\"https:\/\/residenciasantdaniel.es\/es\/#organization\",\"name\":\"Resid\u00e8ncia Sant Daniel\",\"url\":\"https:\/\/residenciasantdaniel.es\/es\/\",\"logo\":{\"@type\":\"ImageObject\",\"inLanguage\":\"es\",\"@id\":\"https:\/\/residenciasantdaniel.es\/es\/#\/schema\/logo\/image\/\",\"url\":\"https:\/\/residenciasantdaniel.es\/wp-content\/uploads\/2024\/11\/logo-residencia-sant-daniel.png\",\"contentUrl\":\"https:\/\/residenciasantdaniel.es\/wp-content\/uploads\/2024\/11\/logo-residencia-sant-daniel.png\",\"width\":231,\"height\":143,\"caption\":\"Resid\u00e8ncia Sant Daniel\"},\"image\":{\"@id\":\"https:\/\/residenciasantdaniel.es\/es\/#\/schema\/logo\/image\/\"}}]}<\/script>\n<!-- \/ Yoast SEO plugin. -->","yoast_head_json":{"title":"Residencia personas mayores Barcelona | Residencia Sant Daniel","description":"La Residencia Sant Daniel es uno de los hogares para personas mayores de referencia en Barcelona por su calidad, profesionalidad y humanidad.","robots":{"index":"index","follow":"follow","max-snippet":"max-snippet:-1","max-image-preview":"max-image-preview:large","max-video-preview":"max-video-preview:-1"},"canonical":"https:\/\/residenciasantdaniel.es\/es\/","og_locale":"es_ES","og_type":"article","og_title":"Residencia personas mayores Barcelona | Residencia Sant Daniel","og_description":"La Residencia Sant Daniel es uno de los hogares para personas mayores de referencia en Barcelona por su calidad, profesionalidad y humanidad.","og_url":"https:\/\/residenciasantdaniel.es\/es\/","og_site_name":"Resid\u00e8ncia Sant Daniel","article_modified_time":"2024-12-10T16:42:39+00:00","twitter_card":"summary_large_image","twitter_misc":{"Tiempo de lectura":"9 minutos"},"schema":{"@context":"https:\/\/schema.org","@graph":[{"@type":"WebPage","@id":"https:\/\/residenciasantdaniel.es\/es\/","url":"https:\/\/residenciasantdaniel.es\/es\/","name":"Residencia personas mayores Barcelona | Residencia Sant Daniel","isPartOf":{"@id":"https:\/\/residenciasantdaniel.es\/es\/#website"},"datePublished":"2024-11-25T08:17:35+00:00","dateModified":"2024-12-10T16:42:39+00:00","description":"La Residencia Sant Daniel es uno de los hogares para personas mayores de referencia en Barcelona por su calidad, profesionalidad y humanidad.","breadcrumb":{"@id":"https:\/\/residenciasantdaniel.es\/es\/#breadcrumb"},"inLanguage":"es","potentialAction":[{"@type":"ReadAction","target":["https:\/\/residenciasantdaniel.es\/es\/"]}]},{"@type":"BreadcrumbList","@id":"https:\/\/residenciasantdaniel.es\/es\/#breadcrumb","itemListElement":[{"@type":"ListItem","position":1,"name":"Inici","item":"https:\/\/residenciasantdaniel.es\/es\/inicio\/"},{"@type":"ListItem","position":2,"name":"INICIO"}]},{"@type":"WebSite","@id":"https:\/\/residenciasantdaniel.es\/es\/#website","url":"https:\/\/residenciasantdaniel.es\/es\/","name":"Resid\u00e8ncia Sant Daniel","description":"Llars per a gent gran a Barcelona","publisher":{"@id":"https:\/\/residenciasantdaniel.es\/es\/#organization"},"potentialAction":[{"@type":"SearchAction","target":{"@type":"EntryPoint","urlTemplate":"https:\/\/residenciasantdaniel.es\/es\/?s={search_term_string}"},"query-input":{"@type":"PropertyValueSpecification","valueRequired":true,"valueName":"search_term_string"}}],"inLanguage":"es"},{"@type":"Organization","@id":"https:\/\/residenciasantdaniel.es\/es\/#organization","name":"Resid\u00e8ncia Sant Daniel","url":"https:\/\/residenciasantdaniel.es\/es\/","logo":{"@type":"ImageObject","inLanguage":"es","@id":"https:\/\/residenciasantdaniel.es\/es\/#\/schema\/logo\/image\/","url":"https:\/\/residenciasantdaniel.es\/wp-content\/uploads\/2024\/11\/logo-residencia-sant-daniel.png","contentUrl":"https:\/\/residenciasantdaniel.es\/wp-content\/uploads\/2024\/11\/logo-residencia-sant-daniel.png","width":231,"height":143,"caption":"Resid\u00e8ncia Sant Daniel"},"image":{"@id":"https:\/\/residenciasantdaniel.es\/es\/#\/schema\/logo\/image\/"}}]}},"_links":{"self":[{"href":"https:\/\/residenciasantdaniel.es\/es\/wp-json\/wp\/v2\/pages\/766"}],"collection":[{"href":"https:\/\/residenciasantdaniel.es\/es\/wp-json\/wp\/v2\/pages"}],"about":[{"href":"https:\/\/residenciasantdaniel.es\/es\/wp-json\/wp\/v2\/types\/page"}],"author":[{"embeddable":true,"href":"https:\/\/residenciasantdaniel.es\/es\/wp-json\/wp\/v2\/users\/1"}],"replies":[{"embeddable":true,"href":"https:\/\/residenciasantdaniel.es\/es\/wp-json\/wp\/v2\/comments?post=766"}],"version-history":[{"count":9,"href":"https:\/\/residenciasantdaniel.es\/es\/wp-json\/wp\/v2\/pages\/766\/revisions"}],"predecessor-version":[{"id":815,"href":"https:\/\/residenciasantdaniel.es\/es\/wp-json\/wp\/v2\/pages\/766\/revisions\/815"}],"wp:attachment":[{"href":"https:\/\/residenciasantdaniel.es\/es\/wp-json\/wp\/v2\/media?parent=766"}],"curies":[{"name":"wp","href":"https:\/\/api.w.org\/{rel}","templated":true}]}}