{"id":784,"date":"2024-11-25T08:17:34","date_gmt":"2024-11-25T08:17:34","guid":{"rendered":"https:\/\/residenciasantdaniel.es\/actividades-residencia\/"},"modified":"2024-12-12T17:41:03","modified_gmt":"2024-12-12T17:41:03","slug":"actividades","status":"publish","type":"page","link":"https:\/\/residenciasantdaniel.es\/es\/actividades\/","title":{"rendered":"Actividades residencia"},"content":{"rendered":"<p>[et_pb_section fb_built=\u00bb1&#8243; fullwidth=\u00bbon\u00bb disabled_on=\u00bboff|off|off\u00bb _builder_version=\u00bb4.27.2&#8243; _module_preset=\u00bbdefault\u00bb locked=\u00bboff\u00bb global_colors_info=\u00bb{}\u00bb][et_pb_fullwidth_image src=\u00bbhttp:\/\/residenciasantdaniel.es\/wp-content\/uploads\/2024\/11\/residencia-sant-daniel-barcelona-activitats.jpg\u00bb alt=\u00bbActividades Residencia Sant Daniel en Barcelona\u00bb title_text=\u00bbActividades Residencia Sant Daniel en Barcelona\u00bb admin_label=\u00bbImagen de anchura completa\u00bb _builder_version=\u00bb4.27.3&#8243; _module_preset=\u00bbdefault\u00bb background_enable_color=\u00bboff\u00bb global_colors_info=\u00bb{}\u00bb][\/et_pb_fullwidth_image][\/et_pb_section][et_pb_section fb_built=\u00bb1&#8243; _builder_version=\u00bb4.27.3&#8243; _module_preset=\u00bbdefault\u00bb background_enable_color=\u00bboff\u00bb custom_margin=\u00bb||||false|false\u00bb custom_padding=\u00bb||||false|false\u00bb global_colors_info=\u00bb{}\u00bb][et_pb_row _builder_version=\u00bb4.27.2&#8243; _module_preset=\u00bbdefault\u00bb global_colors_info=\u00bb{}\u00bb][et_pb_column type=\u00bb4_4&#8243; _builder_version=\u00bb4.27.2&#8243; _module_preset=\u00bbdefault\u00bb global_colors_info=\u00bb{}\u00bb][et_pb_heading title=\u00bbActividades que mejoran la salud de los residentes\u00bb _builder_version=\u00bb4.27.3&#8243; _module_preset=\u00bbdefault\u00bb title_font=\u00bb||||||||\u00bb title_text_align=\u00bbcenter\u00bb title_text_color=\u00bbgcid-eb41d894-18cb-47e0-8bb3-8506af4c5e15&#8243; title_font_size=\u00bb32px\u00bb title_letter_spacing=\u00bb2px\u00bb title_line_height=\u00bb1.5em\u00bb custom_margin=\u00bb||14px|||\u00bb title_font_size_tablet=\u00bb26px\u00bb title_font_size_phone=\u00bb23px\u00bb title_font_size_last_edited=\u00bbon|tablet\u00bb title_line_height_tablet=\u00bb1.4em\u00bb title_line_height_phone=\u00bb1.4em\u00bb title_line_height_last_edited=\u00bbon|phone\u00bb global_colors_info=\u00bb{%22gcid-eb41d894-18cb-47e0-8bb3-8506af4c5e15%22:%91%22title_text_color%22,%22title_text_color%22,%22title_text_color%22,%22title_text_color%22,%22title_text_color%22,%22title_text_color%22,%22title_text_color%22%93}\u00bb][\/et_pb_heading][et_pb_text _builder_version=\u00bb4.27.4&#8243; _module_preset=\u00bbdefault\u00bb text_orientation=\u00bbcenter\u00bb hover_enabled=\u00bb0&#8243; global_colors_info=\u00bb{}\u00bb text_orientation_tablet=\u00bbjustified\u00bb text_orientation_last_edited=\u00bbon|phone\u00bb sticky_enabled=\u00bb0&#8243; text_orientation_phone=\u00bbjustified\u00bb]<\/p>\n<p>Organizamos peri\u00f3dicamente actividades extraordinarias que dinamizan el devenir diario. Nuestra voluntad es generar emoci\u00f3n, risas, divertimento, interacci\u00f3n entre los residentes y el mejor clima en el hogar y fuera de \u00e9l. Diariamente realizamos talleres terap\u00e9uticos para mejorar el estado de salud de los residentes: fisioterapia grupal e individual, psicoestimulaci\u00f3n y memoria, conversaci\u00f3n, manualidades, orientaci\u00f3n temporal, musicoterapia, sesiones de cine, etc.<\/p>\n<p>Cada mes hacemos fiestas de cumplea\u00f1os en las que participan los familiares y se ofrece un espect\u00e1culo y una comida para todos los asistentes. Adem\u00e1s, la residencia se viste de gala en fechas se\u00f1aladas como Navidad y Fin de A\u00f1o, carnaval, Sant Jordi y Sant Joan, entre otros, haciendo que nuestros residentes sientan y vivan en primera persona d\u00edas tan especiales. Puntualmente tambi\u00e9n realizamos excursiones por Barcelona y alrededores, disfrutando de la naturaleza, la buena m\u00fasica y la excelente sensaci\u00f3n de experimentar todos juntos actividades al aire libre y en contacto con la naturaleza. \u00bfQuieres realizar una consulta?<\/p>\n<p>[\/et_pb_text][\/et_pb_column][\/et_pb_row][\/et_pb_section][et_pb_section fb_built=\u00bb1&#8243; _builder_version=\u00bb4.27.3&#8243; _module_preset=\u00bbdefault\u00bb background_enable_color=\u00bboff\u00bb custom_padding=\u00bb0px|||||\u00bb global_colors_info=\u00bb{}\u00bb][et_pb_row column_structure=\u00bb1_2,1_2&#8243; use_custom_gutter=\u00bbon\u00bb gutter_width=\u00bb4&#8243; _builder_version=\u00bb4.27.3&#8243; _module_preset=\u00bbdefault\u00bb global_colors_info=\u00bb{}\u00bb][et_pb_column type=\u00bb1_2&#8243; _builder_version=\u00bb4.27.3&#8243; _module_preset=\u00bbdefault\u00bb global_colors_info=\u00bb{}\u00bb][et_pb_image src=\u00bbhttp:\/\/residenciasantdaniel.es\/wp-content\/uploads\/2024\/11\/Cinema-Residencia-Sant-Daniel.jpg\u00bb title_text=\u00bbCine Residencia San Daniel\u00bb show_in_lightbox=\u00bbon\u00bb use_overlay=\u00bbon\u00bb hover_icon=\u00bb&#x54;||divi||400&#8243; align=\u00bbcenter\u00bb _builder_version=\u00bb4.27.3&#8243; _module_preset=\u00bbdefault\u00bb border_width_all=\u00bb6px\u00bb border_color_all=\u00bb#efefef\u00bb global_colors_info=\u00bb{}\u00bb][\/et_pb_image][et_pb_image src=\u00bbhttp:\/\/residenciasantdaniel.es\/wp-content\/uploads\/2024\/11\/Jardi-terapeutic-Residencia-Sant-Daniel.jpg\u00bb title_text=\u00bbJard\u00edn terap\u00e9utico Residencia San Daniel\u00bb show_in_lightbox=\u00bbon\u00bb use_overlay=\u00bbon\u00bb hover_icon=\u00bb&#x54;||divi||400&#8243; align=\u00bbcenter\u00bb _builder_version=\u00bb4.27.3&#8243; _module_preset=\u00bbdefault\u00bb border_width_all=\u00bb6px\u00bb border_color_all=\u00bb#efefef\u00bb global_colors_info=\u00bb{}\u00bb][\/et_pb_image][et_pb_image src=\u00bbhttp:\/\/residenciasantdaniel.es\/wp-content\/uploads\/2024\/12\/activitats-residencia-sant-daniel.jpg\u00bb title_text=\u00bbJard\u00edn terap\u00e9utico Residencia San Daniel\u00bb show_in_lightbox=\u00bbon\u00bb use_overlay=\u00bbon\u00bb hover_icon=\u00bb&#x54;||divi||400&#8243; align=\u00bbcenter\u00bb _builder_version=\u00bb4.27.4&#8243; _module_preset=\u00bbdefault\u00bb border_width_all=\u00bb6px\u00bb border_color_all=\u00bb#efefef\u00bb global_colors_info=\u00bb{}\u00bb][\/et_pb_image][\/et_pb_column][et_pb_column type=\u00bb1_2&#8243; _builder_version=\u00bb4.27.3&#8243; _module_preset=\u00bbdefault\u00bb global_colors_info=\u00bb{}\u00bb][et_pb_image src=\u00bbhttp:\/\/residenciasantdaniel.es\/wp-content\/uploads\/2024\/11\/Fisioterapia-Residencia-Sant-Daniel.jpg\u00bb title_text=\u00bbFisioterapia Residencia San Daniel\u00bb show_in_lightbox=\u00bbon\u00bb use_overlay=\u00bbon\u00bb hover_icon=\u00bb&#x54;||divi||400&#8243; align=\u00bbcenter\u00bb _builder_version=\u00bb4.27.3&#8243; _module_preset=\u00bbdefault\u00bb border_width_all=\u00bb6px\u00bb border_color_all=\u00bb#efefef\u00bb global_colors_info=\u00bb{}\u00bb][\/et_pb_image][et_pb_image src=\u00bbhttp:\/\/residenciasantdaniel.es\/wp-content\/uploads\/2024\/11\/Manualidades-Residencia-Sant-Daniel.jpg\u00bb title_text=\u00bbManualidades Residencia San Daniel\u00bb show_in_lightbox=\u00bbon\u00bb use_overlay=\u00bbon\u00bb hover_icon=\u00bb&#x54;||divi||400&#8243; align=\u00bbcenter\u00bb _builder_version=\u00bb4.27.3&#8243; _module_preset=\u00bbdefault\u00bb border_width_all=\u00bb6px\u00bb border_color_all=\u00bb#efefef\u00bb global_colors_info=\u00bb{}\u00bb][\/et_pb_image][\/et_pb_column][\/et_pb_row][\/et_pb_section]<\/p>\n","protected":false},"excerpt":{"rendered":"<p>Organizamos peri\u00f3dicamente actividades extraordinarias que dinamizan el devenir diario. Nuestra voluntad es generar emoci\u00f3n, risas, divertimento, interacci\u00f3n entre los residentes y el mejor clima en el hogar y fuera de \u00e9l. Diariamente realizamos talleres terap\u00e9uticos para mejorar el estado de salud de los residentes: fisioterapia grupal e individual, psicoestimulaci\u00f3n y memoria, conversaci\u00f3n, manualidades, orientaci\u00f3n temporal, [&hellip;]<\/p>\n","protected":false},"author":1,"featured_media":0,"parent":0,"menu_order":0,"comment_status":"closed","ping_status":"closed","template":"","meta":{"_et_pb_use_builder":"on","_et_pb_old_content":"","_et_gb_content_width":"","footnotes":""},"class_list":["post-784","page","type-page","status-publish","hentry"],"yoast_head":"<!-- This site is optimized with the Yoast SEO plugin v25.6 - https:\/\/yoast.com\/wordpress\/plugins\/seo\/ -->\n<title>Actividades residencia - Resid\u00e8ncia Sant Daniel<\/title>\n<meta name=\"robots\" content=\"index, follow, max-snippet:-1, max-image-preview:large, max-video-preview:-1\" \/>\n<link rel=\"canonical\" href=\"https:\/\/residenciasantdaniel.es\/es\/actividades\/\" \/>\n<meta property=\"og:locale\" content=\"es_ES\" \/>\n<meta property=\"og:type\" content=\"article\" \/>\n<meta property=\"og:title\" content=\"Actividades residencia - Resid\u00e8ncia Sant Daniel\" \/>\n<meta property=\"og:description\" content=\"Organizamos peri\u00f3dicamente actividades extraordinarias que dinamizan el devenir diario. Nuestra voluntad es generar emoci\u00f3n, risas, divertimento, interacci\u00f3n entre los residentes y el mejor clima en el hogar y fuera de \u00e9l. Diariamente realizamos talleres terap\u00e9uticos para mejorar el estado de salud de los residentes: fisioterapia grupal e individual, psicoestimulaci\u00f3n y memoria, conversaci\u00f3n, manualidades, orientaci\u00f3n temporal, [&hellip;]\" \/>\n<meta property=\"og:url\" content=\"https:\/\/residenciasantdaniel.es\/es\/actividades\/\" \/>\n<meta property=\"og:site_name\" content=\"Resid\u00e8ncia Sant Daniel\" \/>\n<meta property=\"article:modified_time\" content=\"2024-12-12T17:41:03+00:00\" \/>\n<meta name=\"twitter:card\" content=\"summary_large_image\" \/>\n<meta name=\"twitter:label1\" content=\"Tiempo de lectura\" \/>\n\t<meta name=\"twitter:data1\" content=\"4 minutos\" \/>\n<script type=\"application\/ld+json\" class=\"yoast-schema-graph\">{\"@context\":\"https:\/\/schema.org\",\"@graph\":[{\"@type\":\"WebPage\",\"@id\":\"https:\/\/residenciasantdaniel.es\/es\/actividades\/\",\"url\":\"https:\/\/residenciasantdaniel.es\/es\/actividades\/\",\"name\":\"Actividades residencia - Resid\u00e8ncia Sant Daniel\",\"isPartOf\":{\"@id\":\"https:\/\/residenciasantdaniel.es\/es\/#website\"},\"datePublished\":\"2024-11-25T08:17:34+00:00\",\"dateModified\":\"2024-12-12T17:41:03+00:00\",\"breadcrumb\":{\"@id\":\"https:\/\/residenciasantdaniel.es\/es\/actividades\/#breadcrumb\"},\"inLanguage\":\"es\",\"potentialAction\":[{\"@type\":\"ReadAction\",\"target\":[\"https:\/\/residenciasantdaniel.es\/es\/actividades\/\"]}]},{\"@type\":\"BreadcrumbList\",\"@id\":\"https:\/\/residenciasantdaniel.es\/es\/actividades\/#breadcrumb\",\"itemListElement\":[{\"@type\":\"ListItem\",\"position\":1,\"name\":\"Inici\",\"item\":\"https:\/\/residenciasantdaniel.es\/es\/inicio\/\"},{\"@type\":\"ListItem\",\"position\":2,\"name\":\"Actividades residencia\"}]},{\"@type\":\"WebSite\",\"@id\":\"https:\/\/residenciasantdaniel.es\/es\/#website\",\"url\":\"https:\/\/residenciasantdaniel.es\/es\/\",\"name\":\"Resid\u00e8ncia Sant Daniel\",\"description\":\"Llars per a gent gran a Barcelona\",\"publisher\":{\"@id\":\"https:\/\/residenciasantdaniel.es\/es\/#organization\"},\"potentialAction\":[{\"@type\":\"SearchAction\",\"target\":{\"@type\":\"EntryPoint\",\"urlTemplate\":\"https:\/\/residenciasantdaniel.es\/es\/?s={search_term_string}\"},\"query-input\":{\"@type\":\"PropertyValueSpecification\",\"valueRequired\":true,\"valueName\":\"search_term_string\"}}],\"inLanguage\":\"es\"},{\"@type\":\"Organization\",\"@id\":\"https:\/\/residenciasantdaniel.es\/es\/#organization\",\"name\":\"Resid\u00e8ncia Sant Daniel\",\"url\":\"https:\/\/residenciasantdaniel.es\/es\/\",\"logo\":{\"@type\":\"ImageObject\",\"inLanguage\":\"es\",\"@id\":\"https:\/\/residenciasantdaniel.es\/es\/#\/schema\/logo\/image\/\",\"url\":\"https:\/\/residenciasantdaniel.es\/wp-content\/uploads\/2024\/11\/logo-residencia-sant-daniel.png\",\"contentUrl\":\"https:\/\/residenciasantdaniel.es\/wp-content\/uploads\/2024\/11\/logo-residencia-sant-daniel.png\",\"width\":231,\"height\":143,\"caption\":\"Resid\u00e8ncia Sant Daniel\"},\"image\":{\"@id\":\"https:\/\/residenciasantdaniel.es\/es\/#\/schema\/logo\/image\/\"}}]}<\/script>\n<!-- \/ Yoast SEO plugin. -->","yoast_head_json":{"title":"Actividades residencia - Resid\u00e8ncia Sant Daniel","robots":{"index":"index","follow":"follow","max-snippet":"max-snippet:-1","max-image-preview":"max-image-preview:large","max-video-preview":"max-video-preview:-1"},"canonical":"https:\/\/residenciasantdaniel.es\/es\/actividades\/","og_locale":"es_ES","og_type":"article","og_title":"Actividades residencia - Resid\u00e8ncia Sant Daniel","og_description":"Organizamos peri\u00f3dicamente actividades extraordinarias que dinamizan el devenir diario. Nuestra voluntad es generar emoci\u00f3n, risas, divertimento, interacci\u00f3n entre los residentes y el mejor clima en el hogar y fuera de \u00e9l. Diariamente realizamos talleres terap\u00e9uticos para mejorar el estado de salud de los residentes: fisioterapia grupal e individual, psicoestimulaci\u00f3n y memoria, conversaci\u00f3n, manualidades, orientaci\u00f3n temporal, [&hellip;]","og_url":"https:\/\/residenciasantdaniel.es\/es\/actividades\/","og_site_name":"Resid\u00e8ncia Sant Daniel","article_modified_time":"2024-12-12T17:41:03+00:00","twitter_card":"summary_large_image","twitter_misc":{"Tiempo de lectura":"4 minutos"},"schema":{"@context":"https:\/\/schema.org","@graph":[{"@type":"WebPage","@id":"https:\/\/residenciasantdaniel.es\/es\/actividades\/","url":"https:\/\/residenciasantdaniel.es\/es\/actividades\/","name":"Actividades residencia - Resid\u00e8ncia Sant Daniel","isPartOf":{"@id":"https:\/\/residenciasantdaniel.es\/es\/#website"},"datePublished":"2024-11-25T08:17:34+00:00","dateModified":"2024-12-12T17:41:03+00:00","breadcrumb":{"@id":"https:\/\/residenciasantdaniel.es\/es\/actividades\/#breadcrumb"},"inLanguage":"es","potentialAction":[{"@type":"ReadAction","target":["https:\/\/residenciasantdaniel.es\/es\/actividades\/"]}]},{"@type":"BreadcrumbList","@id":"https:\/\/residenciasantdaniel.es\/es\/actividades\/#breadcrumb","itemListElement":[{"@type":"ListItem","position":1,"name":"Inici","item":"https:\/\/residenciasantdaniel.es\/es\/inicio\/"},{"@type":"ListItem","position":2,"name":"Actividades residencia"}]},{"@type":"WebSite","@id":"https:\/\/residenciasantdaniel.es\/es\/#website","url":"https:\/\/residenciasantdaniel.es\/es\/","name":"Resid\u00e8ncia Sant Daniel","description":"Llars per a gent gran a Barcelona","publisher":{"@id":"https:\/\/residenciasantdaniel.es\/es\/#organization"},"potentialAction":[{"@type":"SearchAction","target":{"@type":"EntryPoint","urlTemplate":"https:\/\/residenciasantdaniel.es\/es\/?s={search_term_string}"},"query-input":{"@type":"PropertyValueSpecification","valueRequired":true,"valueName":"search_term_string"}}],"inLanguage":"es"},{"@type":"Organization","@id":"https:\/\/residenciasantdaniel.es\/es\/#organization","name":"Resid\u00e8ncia Sant Daniel","url":"https:\/\/residenciasantdaniel.es\/es\/","logo":{"@type":"ImageObject","inLanguage":"es","@id":"https:\/\/residenciasantdaniel.es\/es\/#\/schema\/logo\/image\/","url":"https:\/\/residenciasantdaniel.es\/wp-content\/uploads\/2024\/11\/logo-residencia-sant-daniel.png","contentUrl":"https:\/\/residenciasantdaniel.es\/wp-content\/uploads\/2024\/11\/logo-residencia-sant-daniel.png","width":231,"height":143,"caption":"Resid\u00e8ncia Sant Daniel"},"image":{"@id":"https:\/\/residenciasantdaniel.es\/es\/#\/schema\/logo\/image\/"}}]}},"_links":{"self":[{"href":"https:\/\/residenciasantdaniel.es\/es\/wp-json\/wp\/v2\/pages\/784"}],"collection":[{"href":"https:\/\/residenciasantdaniel.es\/es\/wp-json\/wp\/v2\/pages"}],"about":[{"href":"https:\/\/residenciasantdaniel.es\/es\/wp-json\/wp\/v2\/types\/page"}],"author":[{"embeddable":true,"href":"https:\/\/residenciasantdaniel.es\/es\/wp-json\/wp\/v2\/users\/1"}],"replies":[{"embeddable":true,"href":"https:\/\/residenciasantdaniel.es\/es\/wp-json\/wp\/v2\/comments?post=784"}],"version-history":[{"count":6,"href":"https:\/\/residenciasantdaniel.es\/es\/wp-json\/wp\/v2\/pages\/784\/revisions"}],"predecessor-version":[{"id":838,"href":"https:\/\/residenciasantdaniel.es\/es\/wp-json\/wp\/v2\/pages\/784\/revisions\/838"}],"wp:attachment":[{"href":"https:\/\/residenciasantdaniel.es\/es\/wp-json\/wp\/v2\/media?parent=784"}],"curies":[{"name":"wp","href":"https:\/\/api.w.org\/{rel}","templated":true}]}}