{"id":787,"date":"2024-11-25T08:17:34","date_gmt":"2024-11-25T08:17:34","guid":{"rendered":"https:\/\/residenciasantdaniel.es\/centro-de-dia\/"},"modified":"2024-12-10T16:23:50","modified_gmt":"2024-12-10T16:23:50","slug":"centro-de-dia","status":"publish","type":"page","link":"https:\/\/residenciasantdaniel.es\/es\/centro-de-dia\/","title":{"rendered":"Centro de d\u00eda"},"content":{"rendered":"<p>[et_pb_section fb_built=\u00bb1&#8243; fullwidth=\u00bbon\u00bb disabled_on=\u00bboff|off|off\u00bb _builder_version=\u00bb4.27.2&#8243; _module_preset=\u00bbdefault\u00bb locked=\u00bboff\u00bb global_colors_info=\u00bb{}\u00bb][et_pb_fullwidth_image src=\u00bbhttp:\/\/residenciasantdaniel.es\/wp-content\/uploads\/2024\/12\/residencia-sant-daniel-barcelona-slider-4.jpg\u00bb alt=\u00bbCentro de d\u00eda | Resid\u00e8ncia Sant Daniel en Barcelona\u00bb title_text=\u00bbCentro de d\u00eda | Resid\u00e8ncia Sant Daniel en Barcelona\u00bb _builder_version=\u00bb4.27.4&#8243; _module_preset=\u00bbdefault\u00bb background_enable_color=\u00bboff\u00bb custom_margin=\u00bb||||false|false\u00bb custom_padding=\u00bb||||false|false\u00bb global_colors_info=\u00bb{}\u00bb][\/et_pb_fullwidth_image][\/et_pb_section][et_pb_section fb_built=\u00bb1&#8243; _builder_version=\u00bb4.27.2&#8243; _module_preset=\u00bbdefault\u00bb background_enable_color=\u00bboff\u00bb global_colors_info=\u00bb{}\u00bb][et_pb_row _builder_version=\u00bb4.27.2&#8243; _module_preset=\u00bbdefault\u00bb global_colors_info=\u00bb{}\u00bb][et_pb_column type=\u00bb4_4&#8243; _builder_version=\u00bb4.27.2&#8243; _module_preset=\u00bbdefault\u00bb global_colors_info=\u00bb{}\u00bb][et_pb_heading title=\u00bbCentro de d\u00eda en la Resid\u00e8ncia Sant Daniel\u00bb _builder_version=\u00bb4.27.3&#8243; _module_preset=\u00bbdefault\u00bb title_font=\u00bb||||||||\u00bb title_text_align=\u00bbcenter\u00bb title_text_color=\u00bbgcid-eb41d894-18cb-47e0-8bb3-8506af4c5e15&#8243; title_font_size=\u00bb32px\u00bb title_letter_spacing=\u00bb2px\u00bb title_line_height=\u00bb1.5em\u00bb custom_margin=\u00bb||14px|||\u00bb title_font_size_tablet=\u00bb26px\u00bb title_font_size_phone=\u00bb23px\u00bb title_font_size_last_edited=\u00bbon|tablet\u00bb title_line_height_tablet=\u00bb1.4em\u00bb title_line_height_phone=\u00bb1.4em\u00bb title_line_height_last_edited=\u00bbon|phone\u00bb global_colors_info=\u00bb{%22gcid-eb41d894-18cb-47e0-8bb3-8506af4c5e15%22:%91%22title_text_color%22,%22title_text_color%22,%22title_text_color%22,%22title_text_color%22,%22title_text_color%22,%22title_text_color%22,%22title_text_color%22%93}\u00bb][\/et_pb_heading][et_pb_text _builder_version=\u00bb4.27.3&#8243; _module_preset=\u00bbdefault\u00bb text_orientation=\u00bbcenter\u00bb global_colors_info=\u00bb{}\u00bb text_orientation_tablet=\u00bbjustified\u00bb text_orientation_last_edited=\u00bbon|phone\u00bb text_orientation_phone=\u00bbjustified\u00bb]<\/p>\n<p>En la Residencia Sant Daniel, en Barcelona, ofrecemos el servicio de Centro de D\u00eda pensado para cuidar a tu familiar de lunes a domingo, de 9:00 h a 21:00 h. Nos adaptamos a tus necesidades con horarios flexibles para que puedas elegir la franja que mejor le convenga.<\/p>\n<p>Tu familiar tendr\u00e1 acceso a todos nuestros servicios, incluyendo actividades terap\u00e9uticas, talleres de estimulaci\u00f3n cognitiva y f\u00edsica, comedor adaptado y soporte emocional. Nuestro equipo de profesionales est\u00e1 comprometido con ofrecer una atenci\u00f3n personalizada, siempre con un trato cercano y c\u00e1lido, para garantizar el bienestar de cada persona.<\/p>\n<p>En la Residencia Sant Daniel, queremos que tanto los usuarios como sus familias encuentren un espacio de confianza en el que puedan sentirse acompa\u00f1ados y apoyados en todo momento.<\/p>\n<p>[\/et_pb_text][\/et_pb_column][\/et_pb_row][\/et_pb_section]<\/p>\n","protected":false},"excerpt":{"rendered":"<p>En la Residencia Sant Daniel, en Barcelona, ofrecemos el servicio de Centro de D\u00eda pensado para cuidar a tu familiar de lunes a domingo, de 9:00 h a 21:00 h. Nos adaptamos a tus necesidades con horarios flexibles para que puedas elegir la franja que mejor le convenga. Tu familiar tendr\u00e1 acceso a todos nuestros [&hellip;]<\/p>\n","protected":false},"author":1,"featured_media":0,"parent":0,"menu_order":0,"comment_status":"closed","ping_status":"closed","template":"","meta":{"_et_pb_use_builder":"on","_et_pb_old_content":"","_et_gb_content_width":"","footnotes":""},"class_list":["post-787","page","type-page","status-publish","hentry"],"yoast_head":"<!-- This site is optimized with the Yoast SEO plugin v25.6 - https:\/\/yoast.com\/wordpress\/plugins\/seo\/ -->\n<title>Centro de d\u00eda - Resid\u00e8ncia Sant Daniel<\/title>\n<meta name=\"robots\" content=\"index, follow, max-snippet:-1, max-image-preview:large, max-video-preview:-1\" \/>\n<link rel=\"canonical\" href=\"https:\/\/residenciasantdaniel.es\/es\/centro-de-dia\/\" \/>\n<meta property=\"og:locale\" content=\"es_ES\" \/>\n<meta property=\"og:type\" content=\"article\" \/>\n<meta property=\"og:title\" content=\"Centro de d\u00eda - Resid\u00e8ncia Sant Daniel\" \/>\n<meta property=\"og:description\" content=\"En la Residencia Sant Daniel, en Barcelona, ofrecemos el servicio de Centro de D\u00eda pensado para cuidar a tu familiar de lunes a domingo, de 9:00 h a 21:00 h. Nos adaptamos a tus necesidades con horarios flexibles para que puedas elegir la franja que mejor le convenga. Tu familiar tendr\u00e1 acceso a todos nuestros [&hellip;]\" \/>\n<meta property=\"og:url\" content=\"https:\/\/residenciasantdaniel.es\/es\/centro-de-dia\/\" \/>\n<meta property=\"og:site_name\" content=\"Resid\u00e8ncia Sant Daniel\" \/>\n<meta property=\"article:modified_time\" content=\"2024-12-10T16:23:50+00:00\" \/>\n<meta name=\"twitter:card\" content=\"summary_large_image\" \/>\n<meta name=\"twitter:label1\" content=\"Tiempo de lectura\" \/>\n\t<meta name=\"twitter:data1\" content=\"2 minutos\" \/>\n<script type=\"application\/ld+json\" class=\"yoast-schema-graph\">{\"@context\":\"https:\/\/schema.org\",\"@graph\":[{\"@type\":\"WebPage\",\"@id\":\"https:\/\/residenciasantdaniel.es\/es\/centro-de-dia\/\",\"url\":\"https:\/\/residenciasantdaniel.es\/es\/centro-de-dia\/\",\"name\":\"Centro de d\u00eda - Resid\u00e8ncia Sant Daniel\",\"isPartOf\":{\"@id\":\"https:\/\/residenciasantdaniel.es\/es\/#website\"},\"datePublished\":\"2024-11-25T08:17:34+00:00\",\"dateModified\":\"2024-12-10T16:23:50+00:00\",\"breadcrumb\":{\"@id\":\"https:\/\/residenciasantdaniel.es\/es\/centro-de-dia\/#breadcrumb\"},\"inLanguage\":\"es\",\"potentialAction\":[{\"@type\":\"ReadAction\",\"target\":[\"https:\/\/residenciasantdaniel.es\/es\/centro-de-dia\/\"]}]},{\"@type\":\"BreadcrumbList\",\"@id\":\"https:\/\/residenciasantdaniel.es\/es\/centro-de-dia\/#breadcrumb\",\"itemListElement\":[{\"@type\":\"ListItem\",\"position\":1,\"name\":\"Inici\",\"item\":\"https:\/\/residenciasantdaniel.es\/es\/inicio\/\"},{\"@type\":\"ListItem\",\"position\":2,\"name\":\"Centro de d\u00eda\"}]},{\"@type\":\"WebSite\",\"@id\":\"https:\/\/residenciasantdaniel.es\/es\/#website\",\"url\":\"https:\/\/residenciasantdaniel.es\/es\/\",\"name\":\"Resid\u00e8ncia Sant Daniel\",\"description\":\"Llars per a gent gran a Barcelona\",\"publisher\":{\"@id\":\"https:\/\/residenciasantdaniel.es\/es\/#organization\"},\"potentialAction\":[{\"@type\":\"SearchAction\",\"target\":{\"@type\":\"EntryPoint\",\"urlTemplate\":\"https:\/\/residenciasantdaniel.es\/es\/?s={search_term_string}\"},\"query-input\":{\"@type\":\"PropertyValueSpecification\",\"valueRequired\":true,\"valueName\":\"search_term_string\"}}],\"inLanguage\":\"es\"},{\"@type\":\"Organization\",\"@id\":\"https:\/\/residenciasantdaniel.es\/es\/#organization\",\"name\":\"Resid\u00e8ncia Sant Daniel\",\"url\":\"https:\/\/residenciasantdaniel.es\/es\/\",\"logo\":{\"@type\":\"ImageObject\",\"inLanguage\":\"es\",\"@id\":\"https:\/\/residenciasantdaniel.es\/es\/#\/schema\/logo\/image\/\",\"url\":\"https:\/\/residenciasantdaniel.es\/wp-content\/uploads\/2024\/11\/logo-residencia-sant-daniel.png\",\"contentUrl\":\"https:\/\/residenciasantdaniel.es\/wp-content\/uploads\/2024\/11\/logo-residencia-sant-daniel.png\",\"width\":231,\"height\":143,\"caption\":\"Resid\u00e8ncia Sant Daniel\"},\"image\":{\"@id\":\"https:\/\/residenciasantdaniel.es\/es\/#\/schema\/logo\/image\/\"}}]}<\/script>\n<!-- \/ Yoast SEO plugin. -->","yoast_head_json":{"title":"Centro de d\u00eda - Resid\u00e8ncia Sant Daniel","robots":{"index":"index","follow":"follow","max-snippet":"max-snippet:-1","max-image-preview":"max-image-preview:large","max-video-preview":"max-video-preview:-1"},"canonical":"https:\/\/residenciasantdaniel.es\/es\/centro-de-dia\/","og_locale":"es_ES","og_type":"article","og_title":"Centro de d\u00eda - Resid\u00e8ncia Sant Daniel","og_description":"En la Residencia Sant Daniel, en Barcelona, ofrecemos el servicio de Centro de D\u00eda pensado para cuidar a tu familiar de lunes a domingo, de 9:00 h a 21:00 h. Nos adaptamos a tus necesidades con horarios flexibles para que puedas elegir la franja que mejor le convenga. Tu familiar tendr\u00e1 acceso a todos nuestros [&hellip;]","og_url":"https:\/\/residenciasantdaniel.es\/es\/centro-de-dia\/","og_site_name":"Resid\u00e8ncia Sant Daniel","article_modified_time":"2024-12-10T16:23:50+00:00","twitter_card":"summary_large_image","twitter_misc":{"Tiempo de lectura":"2 minutos"},"schema":{"@context":"https:\/\/schema.org","@graph":[{"@type":"WebPage","@id":"https:\/\/residenciasantdaniel.es\/es\/centro-de-dia\/","url":"https:\/\/residenciasantdaniel.es\/es\/centro-de-dia\/","name":"Centro de d\u00eda - Resid\u00e8ncia Sant Daniel","isPartOf":{"@id":"https:\/\/residenciasantdaniel.es\/es\/#website"},"datePublished":"2024-11-25T08:17:34+00:00","dateModified":"2024-12-10T16:23:50+00:00","breadcrumb":{"@id":"https:\/\/residenciasantdaniel.es\/es\/centro-de-dia\/#breadcrumb"},"inLanguage":"es","potentialAction":[{"@type":"ReadAction","target":["https:\/\/residenciasantdaniel.es\/es\/centro-de-dia\/"]}]},{"@type":"BreadcrumbList","@id":"https:\/\/residenciasantdaniel.es\/es\/centro-de-dia\/#breadcrumb","itemListElement":[{"@type":"ListItem","position":1,"name":"Inici","item":"https:\/\/residenciasantdaniel.es\/es\/inicio\/"},{"@type":"ListItem","position":2,"name":"Centro de d\u00eda"}]},{"@type":"WebSite","@id":"https:\/\/residenciasantdaniel.es\/es\/#website","url":"https:\/\/residenciasantdaniel.es\/es\/","name":"Resid\u00e8ncia Sant Daniel","description":"Llars per a gent gran a Barcelona","publisher":{"@id":"https:\/\/residenciasantdaniel.es\/es\/#organization"},"potentialAction":[{"@type":"SearchAction","target":{"@type":"EntryPoint","urlTemplate":"https:\/\/residenciasantdaniel.es\/es\/?s={search_term_string}"},"query-input":{"@type":"PropertyValueSpecification","valueRequired":true,"valueName":"search_term_string"}}],"inLanguage":"es"},{"@type":"Organization","@id":"https:\/\/residenciasantdaniel.es\/es\/#organization","name":"Resid\u00e8ncia Sant Daniel","url":"https:\/\/residenciasantdaniel.es\/es\/","logo":{"@type":"ImageObject","inLanguage":"es","@id":"https:\/\/residenciasantdaniel.es\/es\/#\/schema\/logo\/image\/","url":"https:\/\/residenciasantdaniel.es\/wp-content\/uploads\/2024\/11\/logo-residencia-sant-daniel.png","contentUrl":"https:\/\/residenciasantdaniel.es\/wp-content\/uploads\/2024\/11\/logo-residencia-sant-daniel.png","width":231,"height":143,"caption":"Resid\u00e8ncia Sant Daniel"},"image":{"@id":"https:\/\/residenciasantdaniel.es\/es\/#\/schema\/logo\/image\/"}}]}},"_links":{"self":[{"href":"https:\/\/residenciasantdaniel.es\/es\/wp-json\/wp\/v2\/pages\/787"}],"collection":[{"href":"https:\/\/residenciasantdaniel.es\/es\/wp-json\/wp\/v2\/pages"}],"about":[{"href":"https:\/\/residenciasantdaniel.es\/es\/wp-json\/wp\/v2\/types\/page"}],"author":[{"embeddable":true,"href":"https:\/\/residenciasantdaniel.es\/es\/wp-json\/wp\/v2\/users\/1"}],"replies":[{"embeddable":true,"href":"https:\/\/residenciasantdaniel.es\/es\/wp-json\/wp\/v2\/comments?post=787"}],"version-history":[{"count":2,"href":"https:\/\/residenciasantdaniel.es\/es\/wp-json\/wp\/v2\/pages\/787\/revisions"}],"predecessor-version":[{"id":789,"href":"https:\/\/residenciasantdaniel.es\/es\/wp-json\/wp\/v2\/pages\/787\/revisions\/789"}],"wp:attachment":[{"href":"https:\/\/residenciasantdaniel.es\/es\/wp-json\/wp\/v2\/media?parent=787"}],"curies":[{"name":"wp","href":"https:\/\/api.w.org\/{rel}","templated":true}]}}