{"id":790,"date":"2024-11-25T08:17:35","date_gmt":"2024-11-25T08:17:35","guid":{"rendered":"https:\/\/residenciasantdaniel.es\/instalaciones\/"},"modified":"2024-12-12T16:44:39","modified_gmt":"2024-12-12T16:44:39","slug":"instalaciones","status":"publish","type":"page","link":"https:\/\/residenciasantdaniel.es\/es\/instalaciones\/","title":{"rendered":"Instalaciones"},"content":{"rendered":"<p>[et_pb_section fb_built=\u00bb1&#8243; fullwidth=\u00bbon\u00bb disabled_on=\u00bboff|off|off\u00bb _builder_version=\u00bb4.27.2&#8243; _module_preset=\u00bbdefault\u00bb locked=\u00bboff\u00bb global_colors_info=\u00bb{}\u00bb][et_pb_fullwidth_image src=\u00bbhttp:\/\/residenciasantdaniel.es\/wp-content\/uploads\/2024\/11\/residencia-sant-daniel-barcelona-instalacions.jpg\u00bb alt=\u00bbInstalaciones Residencia San Daniel\u00bb title_text=\u00bbInstalaciones Residencia San Daniel\u00bb _builder_version=\u00bb4.27.3&#8243; _module_preset=\u00bbdefault\u00bb background_enable_color=\u00bboff\u00bb global_colors_info=\u00bb{}\u00bb][\/et_pb_fullwidth_image][\/et_pb_section][et_pb_section fb_built=\u00bb1&#8243; custom_padding_last_edited=\u00bbon|phone\u00bb _builder_version=\u00bb4.27.2&#8243; _module_preset=\u00bbdefault\u00bb background_enable_color=\u00bboff\u00bb custom_padding_tablet=\u00bb20px||||false|false\u00bb custom_padding_phone=\u00bb20px||||false|false\u00bb global_colors_info=\u00bb{}\u00bb][et_pb_row _builder_version=\u00bb4.27.3&#8243; _module_preset=\u00bbdefault\u00bb global_colors_info=\u00bb{}\u00bb][et_pb_column type=\u00bb4_4&#8243; _builder_version=\u00bb4.27.2&#8243; _module_preset=\u00bbdefault\u00bb global_colors_info=\u00bb{}\u00bb][et_pb_heading title=\u00bbComo en casa, pero atendidos por profesionales\u00bb _builder_version=\u00bb4.27.3&#8243; _module_preset=\u00bbdefault\u00bb title_font=\u00bb||||||||\u00bb title_text_align=\u00bbcenter\u00bb title_text_color=\u00bbgcid-eb41d894-18cb-47e0-8bb3-8506af4c5e15&#8243; title_font_size=\u00bb32px\u00bb title_letter_spacing=\u00bb2px\u00bb title_line_height=\u00bb1.5em\u00bb custom_margin=\u00bb||14px|||\u00bb title_font_size_tablet=\u00bb26px\u00bb title_font_size_phone=\u00bb23px\u00bb title_font_size_last_edited=\u00bbon|tablet\u00bb title_line_height_tablet=\u00bb1.4em\u00bb title_line_height_phone=\u00bb1.4em\u00bb title_line_height_last_edited=\u00bbon|phone\u00bb global_colors_info=\u00bb{%22gcid-eb41d894-18cb-47e0-8bb3-8506af4c5e15%22:%91%22title_text_color%22,%22title_text_color%22,%22title_text_color%22,%22title_text_color%22,%22title_text_color%22,%22title_text_color%22,%22title_text_color%22%93}\u00bb][\/et_pb_heading][et_pb_text _builder_version=\u00bb4.27.3&#8243; _module_preset=\u00bbdefault\u00bb text_orientation=\u00bbcenter\u00bb text_orientation_tablet=\u00bbjustified\u00bb text_orientation_phone=\u00bbjustified\u00bb text_orientation_last_edited=\u00bbon|phone\u00bb global_colors_info=\u00bb{}\u00bb]<\/p>\n<p>Nuestras instalaciones est\u00e1n adaptadas y equipadas con todo tipo de aparatos y elementos necesarios en el \u00e1mbito geri\u00e1trico, y no presentan barrera arquitect\u00f3nica alguna para favorecer la \u00f3ptima movilidad de los residentes. Nuestra ubicaci\u00f3n, en el coraz\u00f3n del Eixample, fomenta las visitas habituales de los familiares, un componente clave para el bienestar de los residentes.<\/p>\n<p>Nuestro hogar destaca por sus amplias y luminosas habitaciones, perfectamente acondicionadas para el d\u00eda a d\u00eda y la operabilidad de nuestros profesionales. Adem\u00e1s disponemos de cocina propia con personal del centro y seguimiento nutricional, ya que consideramos que la alimentaci\u00f3n equilibrada es uno de los factores de salud m\u00e1s importantes.<\/p>\n<p>[\/et_pb_text][\/et_pb_column][\/et_pb_row][\/et_pb_section][et_pb_section fb_built=\u00bb1&#8243; _builder_version=\u00bb4.27.3&#8243; _module_preset=\u00bbdefault\u00bb background_enable_color=\u00bboff\u00bb custom_padding=\u00bb0px|||||\u00bb global_colors_info=\u00bb{}\u00bb][et_pb_row _builder_version=\u00bb4.27.3&#8243; _module_preset=\u00bbdefault\u00bb custom_padding=\u00bb23px||||false|false\u00bb global_colors_info=\u00bb{}\u00bb][et_pb_column type=\u00bb4_4&#8243; _builder_version=\u00bb4.27.3&#8243; _module_preset=\u00bbdefault\u00bb global_colors_info=\u00bb{}\u00bb][et_pb_gallery gallery_ids=\u00bb294,308,306,310,304,302,743,741,296,300,298,292&#8243; posts_number=\u00bb100&#8243; show_pagination=\u00bboff\u00bb _builder_version=\u00bb4.27.4&#8243; _module_preset=\u00bbdefault\u00bb title_font=\u00bbOpen Sans|600|||||||\u00bb title_text_align=\u00bbcenter\u00bb title_font_size=\u00bb18px\u00bb title_line_height=\u00bb1.3em\u00bb title_font_size_tablet=\u00bb17px\u00bb title_font_size_phone=\u00bb17px\u00bb title_font_size_last_edited=\u00bbon|phone\u00bb global_colors_info=\u00bb{}\u00bb][\/et_pb_gallery][\/et_pb_column][\/et_pb_row][\/et_pb_section]<\/p>\n","protected":false},"excerpt":{"rendered":"<p>Nuestras instalaciones est\u00e1n adaptadas y equipadas con todo tipo de aparatos y elementos necesarios en el \u00e1mbito geri\u00e1trico, y no presentan barrera arquitect\u00f3nica alguna para favorecer la \u00f3ptima movilidad de los residentes. Nuestra ubicaci\u00f3n, en el coraz\u00f3n del Eixample, fomenta las visitas habituales de los familiares, un componente clave para el bienestar de los residentes. [&hellip;]<\/p>\n","protected":false},"author":1,"featured_media":0,"parent":0,"menu_order":0,"comment_status":"closed","ping_status":"closed","template":"","meta":{"_et_pb_use_builder":"on","_et_pb_old_content":"","_et_gb_content_width":"","footnotes":""},"class_list":["post-790","page","type-page","status-publish","hentry"],"yoast_head":"<!-- This site is optimized with the Yoast SEO plugin v25.6 - https:\/\/yoast.com\/wordpress\/plugins\/seo\/ -->\n<title>Instalaciones - Resid\u00e8ncia Sant Daniel<\/title>\n<meta name=\"robots\" content=\"index, follow, max-snippet:-1, max-image-preview:large, max-video-preview:-1\" \/>\n<link rel=\"canonical\" href=\"https:\/\/residenciasantdaniel.es\/es\/instalaciones\/\" \/>\n<meta property=\"og:locale\" content=\"es_ES\" \/>\n<meta property=\"og:type\" content=\"article\" \/>\n<meta property=\"og:title\" content=\"Instalaciones - Resid\u00e8ncia Sant Daniel\" \/>\n<meta property=\"og:description\" content=\"Nuestras instalaciones est\u00e1n adaptadas y equipadas con todo tipo de aparatos y elementos necesarios en el \u00e1mbito geri\u00e1trico, y no presentan barrera arquitect\u00f3nica alguna para favorecer la \u00f3ptima movilidad de los residentes. Nuestra ubicaci\u00f3n, en el coraz\u00f3n del Eixample, fomenta las visitas habituales de los familiares, un componente clave para el bienestar de los residentes. [&hellip;]\" \/>\n<meta property=\"og:url\" content=\"https:\/\/residenciasantdaniel.es\/es\/instalaciones\/\" \/>\n<meta property=\"og:site_name\" content=\"Resid\u00e8ncia Sant Daniel\" \/>\n<meta property=\"article:modified_time\" content=\"2024-12-12T16:44:39+00:00\" \/>\n<meta name=\"twitter:card\" content=\"summary_large_image\" \/>\n<meta name=\"twitter:label1\" content=\"Tiempo de lectura\" \/>\n\t<meta name=\"twitter:data1\" content=\"3 minutos\" \/>\n<script type=\"application\/ld+json\" class=\"yoast-schema-graph\">{\"@context\":\"https:\/\/schema.org\",\"@graph\":[{\"@type\":\"WebPage\",\"@id\":\"https:\/\/residenciasantdaniel.es\/es\/instalaciones\/\",\"url\":\"https:\/\/residenciasantdaniel.es\/es\/instalaciones\/\",\"name\":\"Instalaciones - Resid\u00e8ncia Sant Daniel\",\"isPartOf\":{\"@id\":\"https:\/\/residenciasantdaniel.es\/es\/#website\"},\"datePublished\":\"2024-11-25T08:17:35+00:00\",\"dateModified\":\"2024-12-12T16:44:39+00:00\",\"breadcrumb\":{\"@id\":\"https:\/\/residenciasantdaniel.es\/es\/instalaciones\/#breadcrumb\"},\"inLanguage\":\"es\",\"potentialAction\":[{\"@type\":\"ReadAction\",\"target\":[\"https:\/\/residenciasantdaniel.es\/es\/instalaciones\/\"]}]},{\"@type\":\"BreadcrumbList\",\"@id\":\"https:\/\/residenciasantdaniel.es\/es\/instalaciones\/#breadcrumb\",\"itemListElement\":[{\"@type\":\"ListItem\",\"position\":1,\"name\":\"Inici\",\"item\":\"https:\/\/residenciasantdaniel.es\/es\/inicio\/\"},{\"@type\":\"ListItem\",\"position\":2,\"name\":\"Instalaciones\"}]},{\"@type\":\"WebSite\",\"@id\":\"https:\/\/residenciasantdaniel.es\/es\/#website\",\"url\":\"https:\/\/residenciasantdaniel.es\/es\/\",\"name\":\"Resid\u00e8ncia Sant Daniel\",\"description\":\"Llars per a gent gran a Barcelona\",\"publisher\":{\"@id\":\"https:\/\/residenciasantdaniel.es\/es\/#organization\"},\"potentialAction\":[{\"@type\":\"SearchAction\",\"target\":{\"@type\":\"EntryPoint\",\"urlTemplate\":\"https:\/\/residenciasantdaniel.es\/es\/?s={search_term_string}\"},\"query-input\":{\"@type\":\"PropertyValueSpecification\",\"valueRequired\":true,\"valueName\":\"search_term_string\"}}],\"inLanguage\":\"es\"},{\"@type\":\"Organization\",\"@id\":\"https:\/\/residenciasantdaniel.es\/es\/#organization\",\"name\":\"Resid\u00e8ncia Sant Daniel\",\"url\":\"https:\/\/residenciasantdaniel.es\/es\/\",\"logo\":{\"@type\":\"ImageObject\",\"inLanguage\":\"es\",\"@id\":\"https:\/\/residenciasantdaniel.es\/es\/#\/schema\/logo\/image\/\",\"url\":\"https:\/\/residenciasantdaniel.es\/wp-content\/uploads\/2024\/11\/logo-residencia-sant-daniel.png\",\"contentUrl\":\"https:\/\/residenciasantdaniel.es\/wp-content\/uploads\/2024\/11\/logo-residencia-sant-daniel.png\",\"width\":231,\"height\":143,\"caption\":\"Resid\u00e8ncia Sant Daniel\"},\"image\":{\"@id\":\"https:\/\/residenciasantdaniel.es\/es\/#\/schema\/logo\/image\/\"}}]}<\/script>\n<!-- \/ Yoast SEO plugin. -->","yoast_head_json":{"title":"Instalaciones - Resid\u00e8ncia Sant Daniel","robots":{"index":"index","follow":"follow","max-snippet":"max-snippet:-1","max-image-preview":"max-image-preview:large","max-video-preview":"max-video-preview:-1"},"canonical":"https:\/\/residenciasantdaniel.es\/es\/instalaciones\/","og_locale":"es_ES","og_type":"article","og_title":"Instalaciones - Resid\u00e8ncia Sant Daniel","og_description":"Nuestras instalaciones est\u00e1n adaptadas y equipadas con todo tipo de aparatos y elementos necesarios en el \u00e1mbito geri\u00e1trico, y no presentan barrera arquitect\u00f3nica alguna para favorecer la \u00f3ptima movilidad de los residentes. Nuestra ubicaci\u00f3n, en el coraz\u00f3n del Eixample, fomenta las visitas habituales de los familiares, un componente clave para el bienestar de los residentes. [&hellip;]","og_url":"https:\/\/residenciasantdaniel.es\/es\/instalaciones\/","og_site_name":"Resid\u00e8ncia Sant Daniel","article_modified_time":"2024-12-12T16:44:39+00:00","twitter_card":"summary_large_image","twitter_misc":{"Tiempo de lectura":"3 minutos"},"schema":{"@context":"https:\/\/schema.org","@graph":[{"@type":"WebPage","@id":"https:\/\/residenciasantdaniel.es\/es\/instalaciones\/","url":"https:\/\/residenciasantdaniel.es\/es\/instalaciones\/","name":"Instalaciones - Resid\u00e8ncia Sant Daniel","isPartOf":{"@id":"https:\/\/residenciasantdaniel.es\/es\/#website"},"datePublished":"2024-11-25T08:17:35+00:00","dateModified":"2024-12-12T16:44:39+00:00","breadcrumb":{"@id":"https:\/\/residenciasantdaniel.es\/es\/instalaciones\/#breadcrumb"},"inLanguage":"es","potentialAction":[{"@type":"ReadAction","target":["https:\/\/residenciasantdaniel.es\/es\/instalaciones\/"]}]},{"@type":"BreadcrumbList","@id":"https:\/\/residenciasantdaniel.es\/es\/instalaciones\/#breadcrumb","itemListElement":[{"@type":"ListItem","position":1,"name":"Inici","item":"https:\/\/residenciasantdaniel.es\/es\/inicio\/"},{"@type":"ListItem","position":2,"name":"Instalaciones"}]},{"@type":"WebSite","@id":"https:\/\/residenciasantdaniel.es\/es\/#website","url":"https:\/\/residenciasantdaniel.es\/es\/","name":"Resid\u00e8ncia Sant Daniel","description":"Llars per a gent gran a Barcelona","publisher":{"@id":"https:\/\/residenciasantdaniel.es\/es\/#organization"},"potentialAction":[{"@type":"SearchAction","target":{"@type":"EntryPoint","urlTemplate":"https:\/\/residenciasantdaniel.es\/es\/?s={search_term_string}"},"query-input":{"@type":"PropertyValueSpecification","valueRequired":true,"valueName":"search_term_string"}}],"inLanguage":"es"},{"@type":"Organization","@id":"https:\/\/residenciasantdaniel.es\/es\/#organization","name":"Resid\u00e8ncia Sant Daniel","url":"https:\/\/residenciasantdaniel.es\/es\/","logo":{"@type":"ImageObject","inLanguage":"es","@id":"https:\/\/residenciasantdaniel.es\/es\/#\/schema\/logo\/image\/","url":"https:\/\/residenciasantdaniel.es\/wp-content\/uploads\/2024\/11\/logo-residencia-sant-daniel.png","contentUrl":"https:\/\/residenciasantdaniel.es\/wp-content\/uploads\/2024\/11\/logo-residencia-sant-daniel.png","width":231,"height":143,"caption":"Resid\u00e8ncia Sant Daniel"},"image":{"@id":"https:\/\/residenciasantdaniel.es\/es\/#\/schema\/logo\/image\/"}}]}},"_links":{"self":[{"href":"https:\/\/residenciasantdaniel.es\/es\/wp-json\/wp\/v2\/pages\/790"}],"collection":[{"href":"https:\/\/residenciasantdaniel.es\/es\/wp-json\/wp\/v2\/pages"}],"about":[{"href":"https:\/\/residenciasantdaniel.es\/es\/wp-json\/wp\/v2\/types\/page"}],"author":[{"embeddable":true,"href":"https:\/\/residenciasantdaniel.es\/es\/wp-json\/wp\/v2\/users\/1"}],"replies":[{"embeddable":true,"href":"https:\/\/residenciasantdaniel.es\/es\/wp-json\/wp\/v2\/comments?post=790"}],"version-history":[{"count":13,"href":"https:\/\/residenciasantdaniel.es\/es\/wp-json\/wp\/v2\/pages\/790\/revisions"}],"predecessor-version":[{"id":829,"href":"https:\/\/residenciasantdaniel.es\/es\/wp-json\/wp\/v2\/pages\/790\/revisions\/829"}],"wp:attachment":[{"href":"https:\/\/residenciasantdaniel.es\/es\/wp-json\/wp\/v2\/media?parent=790"}],"curies":[{"name":"wp","href":"https:\/\/api.w.org\/{rel}","templated":true}]}}